{"id":11,"date":"2022-12-22T11:33:52","date_gmt":"2022-12-22T10:33:52","guid":{"rendered":"https:\/\/wwp.microtech-electronic.com\/?page_id=11"},"modified":"2023-04-13T10:49:45","modified_gmt":"2023-04-13T08:49:45","slug":"philosophie","status":"publish","type":"page","link":"https:\/\/www.microtech-teltow.de\/en\/ueber-uns\/philosophie\/","title":{"rendered":"Philosophy"},"content":{"rendered":"<div data-elementor-type=\"wp-page\" data-elementor-id=\"11\" class=\"elementor elementor-11\" data-elementor-post-type=\"page\">\n\t\t\t\t\t\t<section class=\"elementor-section elementor-top-section elementor-element elementor-element-63d6975 elementor-section-boxed elementor-section-height-default elementor-section-height-default\" data-id=\"63d6975\" data-element_type=\"section\" data-e-type=\"section\">\n\t\t\t\t\t\t<div class=\"elementor-container elementor-column-gap-default\">\n\t\t\t\t\t<div class=\"elementor-column elementor-col-100 elementor-top-column elementor-element elementor-element-9e3e35d\" data-id=\"9e3e35d\" data-element_type=\"column\" data-e-type=\"column\">\n\t\t\t<div class=\"elementor-widget-wrap elementor-element-populated\">\n\t\t\t\t\t\t<div class=\"elementor-element elementor-element-a71c4cb elementor-widget elementor-widget-heading\" data-id=\"a71c4cb\" data-element_type=\"widget\" data-e-type=\"widget\" data-widget_type=\"heading.default\">\n\t\t\t\t<div class=\"elementor-widget-container\">\n\t\t\t\t\t<h1 class=\"elementor-heading-title elementor-size-default\">Philosophy<\/h1>\t\t\t\t<\/div>\n\t\t\t\t<\/div>\n\t\t\t\t\t<\/div>\n\t\t<\/div>\n\t\t\t\t\t<\/div>\n\t\t<\/section>\n\t\t\t\t<section class=\"elementor-section elementor-top-section elementor-element elementor-element-35fe10b elementor-section-boxed elementor-section-height-default elementor-section-height-default\" data-id=\"35fe10b\" data-element_type=\"section\" data-e-type=\"section\">\n\t\t\t\t\t\t<div class=\"elementor-container elementor-column-gap-default\">\n\t\t\t\t\t<div class=\"elementor-column elementor-col-50 elementor-top-column elementor-element elementor-element-69209f2\" data-id=\"69209f2\" data-element_type=\"column\" data-e-type=\"column\">\n\t\t\t<div class=\"elementor-widget-wrap elementor-element-populated\">\n\t\t\t\t\t\t<div class=\"elementor-element elementor-element-ed2f7e7 elementor-widget elementor-widget-heading\" data-id=\"ed2f7e7\" data-element_type=\"widget\" data-e-type=\"widget\" data-widget_type=\"heading.default\">\n\t\t\t\t<div class=\"elementor-widget-container\">\n\t\t\t\t\t<h3 class=\"elementor-heading-title elementor-size-default\">Our premise: Your succes<\/h3>\t\t\t\t<\/div>\n\t\t\t\t<\/div>\n\t\t\t\t<div class=\"elementor-element elementor-element-1e85d28 elementor-widget elementor-widget-text-editor\" data-id=\"1e85d28\" data-element_type=\"widget\" data-e-type=\"widget\" data-widget_type=\"text-editor.default\">\n\t\t\t\t<div class=\"elementor-widget-container\">\n\t\t\t\t\t\t\t\t\t<p>For more over 20 years, the brand microtech proved on German, European and the international market. Our competitiveness particularly challenging in the resistance assortment of thin-film technology and thick-film technology for accurate, especially high- and low-value resistors. Since the world's first series production of a thin film chip resistor in the size of 0603 by microtech GmbH electronic, we provide our daily innovation and technical competence.<\/p>\t\t\t\t\t\t\t\t<\/div>\n\t\t\t\t<\/div>\n\t\t\t\t<div class=\"elementor-element elementor-element-6d20a90 elementor-widget elementor-widget-heading\" data-id=\"6d20a90\" data-element_type=\"widget\" data-e-type=\"widget\" data-widget_type=\"heading.default\">\n\t\t\t\t<div class=\"elementor-widget-container\">\n\t\t\t\t\t<h3 class=\"elementor-heading-title elementor-size-default\">Our premise: Your customer satisfaction<\/h3>\t\t\t\t<\/div>\n\t\t\t\t<\/div>\n\t\t\t\t<div class=\"elementor-element elementor-element-911e2fc elementor-widget elementor-widget-text-editor\" data-id=\"911e2fc\" data-element_type=\"widget\" data-e-type=\"widget\" data-widget_type=\"text-editor.default\">\n\t\t\t\t<div class=\"elementor-widget-container\">\n\t\t\t\t\t\t\t\t\t<p>Customer orientation and proximity inside the microtech GmbH electronic are lived daily. We quickly learn to 'speak your language'. We convince with short standard delivery times. For faster and more convenient supply all major logistic systems will be implemented reliably and independently operated.<\/p><p>Soft skills such as making high reliability, flexibility, service and professionalism making us to your ideal partner. The clear structures and ambitious self-demands of a family-run company are our guarantee for your enthusiasm.<\/p><p>Our aim: Best-in-class supplier.<\/p>\t\t\t\t\t\t\t\t<\/div>\n\t\t\t\t<\/div>\n\t\t\t\t<div class=\"elementor-element elementor-element-49b99fe elementor-widget elementor-widget-heading\" data-id=\"49b99fe\" data-element_type=\"widget\" data-e-type=\"widget\" data-widget_type=\"heading.default\">\n\t\t\t\t<div class=\"elementor-widget-container\">\n\t\t\t\t\t<h3 class=\"elementor-heading-title elementor-size-default\">Our premise: Your security of supply<\/h3>\t\t\t\t<\/div>\n\t\t\t\t<\/div>\n\t\t\t\t<div class=\"elementor-element elementor-element-45347d9 elementor-widget elementor-widget-text-editor\" data-id=\"45347d9\" data-element_type=\"widget\" data-e-type=\"widget\" data-widget_type=\"text-editor.default\">\n\t\t\t\t<div class=\"elementor-widget-container\">\n\t\t\t\t\t\t\t\t\t<p>The observation of the market shows the increasing global demand and short-term replacement of radicalism since the middle of 2008. Attributes such as reliability and durability of a strategic partnership will increase the market decisively important in the future. The microtech GmbH electronic has focused its strengths precisely to this need, and lives the philosophy successfully for decades of years.<\/p><p>The microtech GmbH electronic is setting the continued development and ongoing maintenance in the long term oriented relationships to the foreground.<\/p><p>One of the most important, large global corporations, has listed the microtech GmbH electronic as a strategic worldwide preferred supplier because of this business philosophy.<\/p><p>The management system of the microtech GmbH electronic is certified according ISO 9001 for years and is regularly audited. As a responsible manufacturer in Germany, our processes are constantly monitored and documented by environmental technologies. The microtech GmbH electronic has signed the Code of Condact of the ZVEI's commitment and thus manifests the global social responsibility.<\/p><p>All components comply with the relevant DIN and CECC standards and are compliant with RoHS since 1995.<\/p>\t\t\t\t\t\t\t\t<\/div>\n\t\t\t\t<\/div>\n\t\t\t\t\t<\/div>\n\t\t<\/div>\n\t\t\t\t<div class=\"elementor-column elementor-col-50 elementor-top-column elementor-element elementor-element-31bc8c2\" data-id=\"31bc8c2\" data-element_type=\"column\" data-e-type=\"column\">\n\t\t\t<div class=\"elementor-widget-wrap elementor-element-populated\">\n\t\t\t\t\t\t<div class=\"elementor-element elementor-element-beb0556 color-hover-img elementor-widget elementor-widget-image\" data-id=\"beb0556\" data-element_type=\"widget\" data-e-type=\"widget\" data-widget_type=\"image.default\">\n\t\t\t\t<div class=\"elementor-widget-container\">\n\t\t\t\t\t\t\t\t\t\t\t\t\t\t\t<img fetchpriority=\"high\" decoding=\"async\" width=\"560\" height=\"300\" src=\"https:\/\/www.microtech-teltow.de\/wp-content\/uploads\/2023\/03\/microtech-galvanik.jpg\" class=\"attachment-large size-large wp-image-1184\" alt=\"\" srcset=\"https:\/\/www.microtech-teltow.de\/wp-content\/uploads\/2023\/03\/microtech-galvanik.jpg 560w, https:\/\/www.microtech-teltow.de\/wp-content\/uploads\/2023\/03\/microtech-galvanik-18x10.jpg 18w\" sizes=\"(max-width: 560px) 100vw, 560px\" \/>\t\t\t\t\t\t\t\t\t\t\t\t\t\t\t<\/div>\n\t\t\t\t<\/div>\n\t\t\t\t<div class=\"elementor-element elementor-element-c77bce7 color-hover-img elementor-widget elementor-widget-image\" data-id=\"c77bce7\" data-element_type=\"widget\" data-e-type=\"widget\" data-widget_type=\"image.default\">\n\t\t\t\t<div class=\"elementor-widget-container\">\n\t\t\t\t\t\t\t\t\t\t\t\t\t\t\t<img decoding=\"async\" width=\"640\" height=\"473\" src=\"https:\/\/www.microtech-teltow.de\/wp-content\/uploads\/2022\/12\/blog-beitrag-01.jpg\" class=\"attachment-large size-large wp-image-116\" alt=\"\" srcset=\"https:\/\/www.microtech-teltow.de\/wp-content\/uploads\/2022\/12\/blog-beitrag-01.jpg 860w, https:\/\/www.microtech-teltow.de\/wp-content\/uploads\/2022\/12\/blog-beitrag-01-600x443.jpg 600w, https:\/\/www.microtech-teltow.de\/wp-content\/uploads\/2022\/12\/blog-beitrag-01-768x567.jpg 768w\" sizes=\"(max-width: 640px) 100vw, 640px\" \/>\t\t\t\t\t\t\t\t\t\t\t\t\t\t\t<\/div>\n\t\t\t\t<\/div>\n\t\t\t\t<div class=\"elementor-element elementor-element-1a888fd color-hover-img elementor-widget elementor-widget-image\" data-id=\"1a888fd\" data-element_type=\"widget\" data-e-type=\"widget\" data-widget_type=\"image.default\">\n\t\t\t\t<div class=\"elementor-widget-container\">\n\t\t\t\t\t\t\t\t\t\t\t\t\t\t\t<img decoding=\"async\" width=\"560\" height=\"300\" src=\"https:\/\/www.microtech-teltow.de\/wp-content\/uploads\/2023\/03\/Lieferantenbewertung.jpg\" class=\"attachment-large size-large wp-image-1183\" alt=\"\" srcset=\"https:\/\/www.microtech-teltow.de\/wp-content\/uploads\/2023\/03\/Lieferantenbewertung.jpg 560w, https:\/\/www.microtech-teltow.de\/wp-content\/uploads\/2023\/03\/Lieferantenbewertung-18x10.jpg 18w\" sizes=\"(max-width: 560px) 100vw, 560px\" \/>\t\t\t\t\t\t\t\t\t\t\t\t\t\t\t<\/div>\n\t\t\t\t<\/div>\n\t\t\t\t<div class=\"elementor-element elementor-element-9eac828 color-hover-img elementor-widget elementor-widget-image\" data-id=\"9eac828\" data-element_type=\"widget\" data-e-type=\"widget\" data-widget_type=\"image.default\">\n\t\t\t\t<div class=\"elementor-widget-container\">\n\t\t\t\t\t\t\t\t\t\t\t\t\t\t\t<img loading=\"lazy\" decoding=\"async\" width=\"560\" height=\"300\" src=\"https:\/\/www.microtech-teltow.de\/wp-content\/uploads\/2023\/03\/microtech-prober.jpg\" class=\"attachment-large size-large wp-image-1185\" alt=\"\" srcset=\"https:\/\/www.microtech-teltow.de\/wp-content\/uploads\/2023\/03\/microtech-prober.jpg 560w, https:\/\/www.microtech-teltow.de\/wp-content\/uploads\/2023\/03\/microtech-prober-18x10.jpg 18w\" sizes=\"(max-width: 560px) 100vw, 560px\" \/>\t\t\t\t\t\t\t\t\t\t\t\t\t\t\t<\/div>\n\t\t\t\t<\/div>\n\t\t\t\t<div class=\"elementor-element elementor-element-1cfc0d6 elementor-widget__width-auto elementor-widget elementor-widget-button\" data-id=\"1cfc0d6\" data-element_type=\"widget\" data-e-type=\"widget\" data-widget_type=\"button.default\">\n\t\t\t\t<div class=\"elementor-widget-container\">\n\t\t\t\t\t\t\t\t\t<div class=\"elementor-button-wrapper\">\n\t\t\t\t\t<a class=\"elementor-button elementor-button-link elementor-size-sm\" href=\"https:\/\/www.microtech-teltow.de\/en\/about\/zertifikate\/\">\n\t\t\t\t\t\t<span class=\"elementor-button-content-wrapper\">\n\t\t\t\t\t\t\t\t\t<span class=\"elementor-button-text\">More<\/span>\n\t\t\t\t\t<\/span>\n\t\t\t\t\t<\/a>\n\t\t\t\t<\/div>\n\t\t\t\t\t\t\t\t<\/div>\n\t\t\t\t<\/div>\n\t\t\t\t\t<\/div>\n\t\t<\/div>\n\t\t\t\t\t<\/div>\n\t\t<\/section>\n\t\t\t\t<\/div>","protected":false},"excerpt":{"rendered":"<p>Philosophie Unsere Pr\u00e4misse: Ihr Erfolg Seit \u00fcber 20 Jahren bew\u00e4hrt sich die Marke &#8218;microtech&#8216; am deutschen, europ\u00e4ischen und internationalen Markt. Unsere Wettbewerbsf\u00e4higkeit liegt vor allem im anspruchvollen Widerstandssortiment der D\u00fcnnschichttechnologie und der Dickschichttechnologie f\u00fcr pr\u00e4zise, besonders hoch- und niederohmige Widerst\u00e4nde. Seit bei der microtech GmbH electronic die weltweit erste Serienfertigung eines D\u00fcnnschicht-Chipwiderstandes in der Baugr\u00f6sse [&hellip;]<\/p>\n","protected":false},"author":1,"featured_media":0,"parent":9,"menu_order":0,"comment_status":"closed","ping_status":"closed","template":"","meta":{"_acf_changed":false,"footnotes":""},"class_list":["post-11","page","type-page","status-publish","hentry"],"acf":[],"_links":{"self":[{"href":"https:\/\/www.microtech-teltow.de\/en\/wp-json\/wp\/v2\/pages\/11","targetHints":{"allow":["GET"]}}],"collection":[{"href":"https:\/\/www.microtech-teltow.de\/en\/wp-json\/wp\/v2\/pages"}],"about":[{"href":"https:\/\/www.microtech-teltow.de\/en\/wp-json\/wp\/v2\/types\/page"}],"author":[{"embeddable":true,"href":"https:\/\/www.microtech-teltow.de\/en\/wp-json\/wp\/v2\/users\/1"}],"replies":[{"embeddable":true,"href":"https:\/\/www.microtech-teltow.de\/en\/wp-json\/wp\/v2\/comments?post=11"}],"version-history":[{"count":5,"href":"https:\/\/www.microtech-teltow.de\/en\/wp-json\/wp\/v2\/pages\/11\/revisions"}],"predecessor-version":[{"id":1345,"href":"https:\/\/www.microtech-teltow.de\/en\/wp-json\/wp\/v2\/pages\/11\/revisions\/1345"}],"up":[{"embeddable":true,"href":"https:\/\/www.microtech-teltow.de\/en\/wp-json\/wp\/v2\/pages\/9"}],"wp:attachment":[{"href":"https:\/\/www.microtech-teltow.de\/en\/wp-json\/wp\/v2\/media?parent=11"}],"curies":[{"name":"wp","href":"https:\/\/api.w.org\/{rel}","templated":true}]}}