{"id":13,"date":"2022-12-22T11:34:06","date_gmt":"2022-12-22T10:34:06","guid":{"rendered":"https:\/\/wwp.microtech-electronic.com\/?page_id=13"},"modified":"2025-02-17T08:54:15","modified_gmt":"2025-02-17T07:54:15","slug":"management","status":"publish","type":"page","link":"https:\/\/www.microtech-teltow.de\/en\/ueber-uns\/management\/","title":{"rendered":"Management"},"content":{"rendered":"<div data-elementor-type=\"wp-page\" data-elementor-id=\"13\" class=\"elementor elementor-13\" data-elementor-post-type=\"page\">\n\t\t\t\t\t\t<section class=\"elementor-section elementor-top-section elementor-element elementor-element-9fb63f9 elementor-section-boxed elementor-section-height-default elementor-section-height-default\" data-id=\"9fb63f9\" data-element_type=\"section\" data-e-type=\"section\">\n\t\t\t\t\t\t<div class=\"elementor-container elementor-column-gap-default\">\n\t\t\t\t\t<div class=\"elementor-column elementor-col-100 elementor-top-column elementor-element elementor-element-0aa9019\" data-id=\"0aa9019\" data-element_type=\"column\" data-e-type=\"column\">\n\t\t\t<div class=\"elementor-widget-wrap elementor-element-populated\">\n\t\t\t\t\t\t<div class=\"elementor-element elementor-element-e22ae6e elementor-widget elementor-widget-heading\" data-id=\"e22ae6e\" data-element_type=\"widget\" data-e-type=\"widget\" data-widget_type=\"heading.default\">\n\t\t\t\t<div class=\"elementor-widget-container\">\n\t\t\t\t\t<h1 class=\"elementor-heading-title elementor-size-default\">Management<\/h1>\t\t\t\t<\/div>\n\t\t\t\t<\/div>\n\t\t\t\t\t<\/div>\n\t\t<\/div>\n\t\t\t\t\t<\/div>\n\t\t<\/section>\n\t\t\t\t<section class=\"elementor-section elementor-top-section elementor-element elementor-element-6b5b9b7 elementor-section-boxed elementor-section-height-default elementor-section-height-default\" data-id=\"6b5b9b7\" data-element_type=\"section\" data-e-type=\"section\">\n\t\t\t\t\t\t<div class=\"elementor-container elementor-column-gap-default\">\n\t\t\t\t\t<div class=\"elementor-column elementor-col-50 elementor-top-column elementor-element elementor-element-3a5c78c\" data-id=\"3a5c78c\" data-element_type=\"column\" data-e-type=\"column\">\n\t\t\t<div class=\"elementor-widget-wrap elementor-element-populated\">\n\t\t\t\t\t\t<div class=\"elementor-element elementor-element-15e15a4 elementor-widget elementor-widget-heading\" data-id=\"15e15a4\" data-element_type=\"widget\" data-e-type=\"widget\" data-widget_type=\"heading.default\">\n\t\t\t\t<div class=\"elementor-widget-container\">\n\t\t\t\t\t<h3 class=\"elementor-heading-title elementor-size-default\">Company Policy<\/h3>\t\t\t\t<\/div>\n\t\t\t\t<\/div>\n\t\t\t\t<div class=\"elementor-element elementor-element-b63a51c elementor-widget elementor-widget-text-editor\" data-id=\"b63a51c\" data-element_type=\"widget\" data-e-type=\"widget\" data-widget_type=\"text-editor.default\">\n\t\t\t\t<div class=\"elementor-widget-container\">\n\t\t\t\t\t\t\t\t\t<p>For high quality standards of the products as well as for the supplier microtech, for a customer relationship as partners and for a strategic balanced orientation of the branch specific portfolio, Joachim Barthel and Michaela Behrendt, his successor in leading the company, are personally fully responsible. Flexibility and customer focus is our daily lived work routine.<\/p><p>The demand for high quality in the family run business microtech follows an easy assumption: 100% zero-defect products. Therefore we invest continuously in modern fabrication- and inspection equipment, scientific innovation and of course focus on a multilevel quality control during our highly automated production.<\/p><p>At microtech we live holistic social responsibility. This starts with a family friendly corporate culture, includes the social responsibility within the global versatile corporate activities and protects human beings, nature and environment consequently. Besides all necessary certificates our management respects the ZVEI Code of Conduct for social responsibility. <a href=\"https:\/\/www.zvei.org\/themen\/zvei-vdma-code-of-conduct-unternehmen-bekennen-sich-zu-gesellschaftlicher-verantwortung\">ZVEI-Code of Conduct<\/a> This guideline defines what is meant by social responsibility particularly regarding working conditions, social- and environmental tolerance as well as transparency, trustful cooperation and dialog.<\/p>\t\t\t\t\t\t\t\t<\/div>\n\t\t\t\t<\/div>\n\t\t\t\t<div class=\"elementor-element elementor-element-1838f49 elementor-widget elementor-widget-heading\" data-id=\"1838f49\" data-element_type=\"widget\" data-e-type=\"widget\" data-widget_type=\"heading.default\">\n\t\t\t\t<div class=\"elementor-widget-container\">\n\t\t\t\t\t<h3 class=\"elementor-heading-title elementor-size-default\">We have a responsibility<\/h3>\t\t\t\t<\/div>\n\t\t\t\t<\/div>\n\t\t\t\t<div class=\"elementor-element elementor-element-f9fab87 elementor-widget elementor-widget-text-editor\" data-id=\"f9fab87\" data-element_type=\"widget\" data-e-type=\"widget\" data-widget_type=\"text-editor.default\">\n\t\t\t\t<div class=\"elementor-widget-container\">\n\t\t\t\t\t\t\t\t\t<p>As a manufacturer of high quality electronic components, it is our goal to meet our responsibility for the environment and the following generations.\n\nThis means that we are not only provide our customers with quality products but to produce them in accordance with the applicable environmental protection guidelines. We demonstrate with our products and their production processes that the environmental protection and most modern technologies does not exclude each other but form a unity, for years.<\/p><p>Our environmental management based on environmental policy ensures, that the environmental impact of our products and processes is the subject of a continuous improvement process. By training and information at the workplace we ensure, that all employees of the company are sensitized for the goals of our environmental policy. The management reviews the compliance with the environmental policy, objectives, legal requirements and the effectiveness of environmental processes and steps periodically.<\/p><p>Mit der Anerkennung des\u00a0<a href=\"https:\/\/www.zvei.org\/themen\/zvei-vdma-code-of-conduct-unternehmen-bekennen-sich-zu-gesellschaftlicher-verantwortung\" target=\"_blank\" rel=\"noopener\">ZVEI-Code of Conduct<\/a> bekennen wir uns \u00f6ffentlich zu unserer gesellschaftlichen Verantwortung zum Schutz von Mensch, Natur und Umwelt innerhalb unserer Unternehmenst\u00e4tigkeit.<\/p><p>For us, the ecological responsibility is an integral part of our overall corporate and social responsibility.<\/p>\t\t\t\t\t\t\t\t<\/div>\n\t\t\t\t<\/div>\n\t\t\t\t\t<\/div>\n\t\t<\/div>\n\t\t\t\t<div class=\"elementor-column elementor-col-50 elementor-top-column elementor-element elementor-element-f6d20e6\" data-id=\"f6d20e6\" data-element_type=\"column\" data-e-type=\"column\">\n\t\t\t<div class=\"elementor-widget-wrap elementor-element-populated\">\n\t\t\t\t\t\t<div class=\"elementor-element elementor-element-7c3b95a elementor-widget elementor-widget-spacer\" data-id=\"7c3b95a\" data-element_type=\"widget\" data-e-type=\"widget\" data-widget_type=\"spacer.default\">\n\t\t\t\t<div class=\"elementor-widget-container\">\n\t\t\t\t\t\t\t<div class=\"elementor-spacer\">\n\t\t\t<div class=\"elementor-spacer-inner\"><\/div>\n\t\t<\/div>\n\t\t\t\t\t\t<\/div>\n\t\t\t\t<\/div>\n\t\t\t\t<div class=\"elementor-element elementor-element-eafa217 color-hover-img elementor-widget elementor-widget-image\" data-id=\"eafa217\" data-element_type=\"widget\" data-e-type=\"widget\" data-widget_type=\"image.default\">\n\t\t\t\t<div class=\"elementor-widget-container\">\n\t\t\t\t\t\t\t\t\t\t\t\t\t\t\t<img fetchpriority=\"high\" decoding=\"async\" width=\"640\" height=\"427\" src=\"https:\/\/www.microtech-teltow.de\/wp-content\/uploads\/2020\/04\/microtech-statement_barthel-behrendt-1024x683.jpg\" class=\"attachment-large size-large wp-image-486\" alt=\"\" srcset=\"https:\/\/www.microtech-teltow.de\/wp-content\/uploads\/2020\/04\/microtech-statement_barthel-behrendt-1024x683.jpg 1024w, https:\/\/www.microtech-teltow.de\/wp-content\/uploads\/2020\/04\/microtech-statement_barthel-behrendt-600x400.jpg 600w, https:\/\/www.microtech-teltow.de\/wp-content\/uploads\/2020\/04\/microtech-statement_barthel-behrendt-768x513.jpg 768w, https:\/\/www.microtech-teltow.de\/wp-content\/uploads\/2020\/04\/microtech-statement_barthel-behrendt-1536x1025.jpg 1536w, https:\/\/www.microtech-teltow.de\/wp-content\/uploads\/2020\/04\/microtech-statement_barthel-behrendt-18x12.jpg 18w, https:\/\/www.microtech-teltow.de\/wp-content\/uploads\/2020\/04\/microtech-statement_barthel-behrendt.jpg 1912w\" sizes=\"(max-width: 640px) 100vw, 640px\" \/>\t\t\t\t\t\t\t\t\t\t\t\t\t\t\t<\/div>\n\t\t\t\t<\/div>\n\t\t\t\t<div class=\"elementor-element elementor-element-bbae38c color-hover-img elementor-widget elementor-widget-image\" data-id=\"bbae38c\" data-element_type=\"widget\" data-e-type=\"widget\" data-widget_type=\"image.default\">\n\t\t\t\t<div class=\"elementor-widget-container\">\n\t\t\t\t\t\t\t\t\t\t\t\t\t\t\t<img decoding=\"async\" width=\"560\" height=\"300\" src=\"https:\/\/www.microtech-teltow.de\/wp-content\/uploads\/2023\/03\/microtech-galvanik.jpg\" class=\"attachment-large size-large wp-image-1184\" alt=\"\" srcset=\"https:\/\/www.microtech-teltow.de\/wp-content\/uploads\/2023\/03\/microtech-galvanik.jpg 560w, https:\/\/www.microtech-teltow.de\/wp-content\/uploads\/2023\/03\/microtech-galvanik-18x10.jpg 18w\" sizes=\"(max-width: 560px) 100vw, 560px\" \/>\t\t\t\t\t\t\t\t\t\t\t\t\t\t\t<\/div>\n\t\t\t\t<\/div>\n\t\t\t\t<div class=\"elementor-element elementor-element-d216270 color-hover-img elementor-widget elementor-widget-image\" data-id=\"d216270\" data-element_type=\"widget\" data-e-type=\"widget\" data-widget_type=\"image.default\">\n\t\t\t\t<div class=\"elementor-widget-container\">\n\t\t\t\t\t\t\t\t\t\t\t\t\t\t\t<img decoding=\"async\" width=\"640\" height=\"427\" src=\"https:\/\/www.microtech-teltow.de\/wp-content\/uploads\/2023\/02\/innofor-2-1024x683.jpg\" class=\"attachment-large size-large wp-image-402\" alt=\"\" srcset=\"https:\/\/www.microtech-teltow.de\/wp-content\/uploads\/2023\/02\/innofor-2-1024x683.jpg 1024w, https:\/\/www.microtech-teltow.de\/wp-content\/uploads\/2023\/02\/innofor-2-600x400.jpg 600w, https:\/\/www.microtech-teltow.de\/wp-content\/uploads\/2023\/02\/innofor-2-768x513.jpg 768w, https:\/\/www.microtech-teltow.de\/wp-content\/uploads\/2023\/02\/innofor-2-1536x1025.jpg 1536w, https:\/\/www.microtech-teltow.de\/wp-content\/uploads\/2023\/02\/innofor-2-18x12.jpg 18w, https:\/\/www.microtech-teltow.de\/wp-content\/uploads\/2023\/02\/innofor-2.jpg 1912w\" sizes=\"(max-width: 640px) 100vw, 640px\" \/>\t\t\t\t\t\t\t\t\t\t\t\t\t\t\t<\/div>\n\t\t\t\t<\/div>\n\t\t\t\t<div class=\"elementor-element elementor-element-124aa50 elementor-widget__width-auto elementor-widget elementor-widget-button\" data-id=\"124aa50\" data-element_type=\"widget\" data-e-type=\"widget\" data-widget_type=\"button.default\">\n\t\t\t\t<div class=\"elementor-widget-container\">\n\t\t\t\t\t\t\t\t\t<div class=\"elementor-button-wrapper\">\n\t\t\t\t\t<a class=\"elementor-button elementor-button-link elementor-size-sm\" href=\"https:\/\/www.microtech-teltow.de\/wp-content\/uploads\/2025\/02\/microtech_Umweltpolitik.pdf\" target=\"_blank\" id=\"pdf-button\">\n\t\t\t\t\t\t<span class=\"elementor-button-content-wrapper\">\n\t\t\t\t\t\t\t\t\t<span class=\"elementor-button-text\">Environmental Policy Statement (PDF)<\/span>\n\t\t\t\t\t<\/span>\n\t\t\t\t\t<\/a>\n\t\t\t\t<\/div>\n\t\t\t\t\t\t\t\t<\/div>\n\t\t\t\t<\/div>\n\t\t\t\t\t<\/div>\n\t\t<\/div>\n\t\t\t\t\t<\/div>\n\t\t<\/section>\n\t\t\t\t<\/div>","protected":false},"excerpt":{"rendered":"<p>Management UNTERNEHMENSGRUNDS\u00c4TZE F\u00fcr eine partnerschaftliche Kundenbeziehung sowie eine strategisch ausgewogene Ausrichtung des Branchenportefolios stehen Joachim Barthel und Unternehmensnachfolge Michaela Behrendt pers\u00f6nlich ein. Flexibilit\u00e4t und Kundenn\u00e4he ist unsere t\u00e4glich gelebte Arbeitsroutine. Der hohe Qualit\u00e4tsanspruch im Familienunternehmen microtech folgt einer einfachen Pr\u00e4misse: 100% fehlerfreie Produkte. Deshalb investieren wir kontinuierlich in moderne Fertigungs- und Inspektionsanlagen, wissenschaftliche Innovation und [&hellip;]<\/p>\n","protected":false},"author":1,"featured_media":0,"parent":9,"menu_order":0,"comment_status":"closed","ping_status":"closed","template":"","meta":{"_acf_changed":false,"footnotes":""},"class_list":["post-13","page","type-page","status-publish","hentry"],"acf":[],"_links":{"self":[{"href":"https:\/\/www.microtech-teltow.de\/en\/wp-json\/wp\/v2\/pages\/13","targetHints":{"allow":["GET"]}}],"collection":[{"href":"https:\/\/www.microtech-teltow.de\/en\/wp-json\/wp\/v2\/pages"}],"about":[{"href":"https:\/\/www.microtech-teltow.de\/en\/wp-json\/wp\/v2\/types\/page"}],"author":[{"embeddable":true,"href":"https:\/\/www.microtech-teltow.de\/en\/wp-json\/wp\/v2\/users\/1"}],"replies":[{"embeddable":true,"href":"https:\/\/www.microtech-teltow.de\/en\/wp-json\/wp\/v2\/comments?post=13"}],"version-history":[{"count":6,"href":"https:\/\/www.microtech-teltow.de\/en\/wp-json\/wp\/v2\/pages\/13\/revisions"}],"predecessor-version":[{"id":1537,"href":"https:\/\/www.microtech-teltow.de\/en\/wp-json\/wp\/v2\/pages\/13\/revisions\/1537"}],"up":[{"embeddable":true,"href":"https:\/\/www.microtech-teltow.de\/en\/wp-json\/wp\/v2\/pages\/9"}],"wp:attachment":[{"href":"https:\/\/www.microtech-teltow.de\/en\/wp-json\/wp\/v2\/media?parent=13"}],"curies":[{"name":"wp","href":"https:\/\/api.w.org\/{rel}","templated":true}]}}