{"id":52,"date":"2022-12-22T12:09:12","date_gmt":"2022-12-22T11:09:12","guid":{"rendered":"https:\/\/wwp.microtech-electronic.com\/?page_id=52"},"modified":"2023-03-09T17:09:40","modified_gmt":"2023-03-09T16:09:40","slug":"impressum","status":"publish","type":"page","link":"https:\/\/www.microtech-teltow.de\/en\/impressum\/","title":{"rendered":"Imprint"},"content":{"rendered":"\t\t<div data-elementor-type=\"wp-page\" data-elementor-id=\"52\" class=\"elementor elementor-52\" data-elementor-post-type=\"page\">\n\t\t\t\t\t\t<section class=\"elementor-section elementor-top-section elementor-element elementor-element-8b4e9d7 elementor-section-boxed elementor-section-height-default elementor-section-height-default\" data-id=\"8b4e9d7\" data-element_type=\"section\" data-e-type=\"section\">\n\t\t\t\t\t\t<div class=\"elementor-container elementor-column-gap-default\">\n\t\t\t\t\t<div class=\"elementor-column elementor-col-100 elementor-top-column elementor-element elementor-element-9586748\" data-id=\"9586748\" data-element_type=\"column\" data-e-type=\"column\">\n\t\t\t<div class=\"elementor-widget-wrap elementor-element-populated\">\n\t\t\t\t\t\t<div class=\"elementor-element elementor-element-cb32642 elementor-widget elementor-widget-heading\" data-id=\"cb32642\" data-element_type=\"widget\" data-e-type=\"widget\" data-widget_type=\"heading.default\">\n\t\t\t\t<div class=\"elementor-widget-container\">\n\t\t\t\t\t<h1 class=\"elementor-heading-title elementor-size-default\">Impressum<\/h1>\t\t\t\t<\/div>\n\t\t\t\t<\/div>\n\t\t\t\t\t<\/div>\n\t\t<\/div>\n\t\t\t\t\t<\/div>\n\t\t<\/section>\n\t\t\t\t<section class=\"elementor-section elementor-top-section elementor-element elementor-element-176748b elementor-section-boxed elementor-section-height-default elementor-section-height-default\" data-id=\"176748b\" data-element_type=\"section\" data-e-type=\"section\">\n\t\t\t\t\t\t<div class=\"elementor-container elementor-column-gap-default\">\n\t\t\t\t\t<div class=\"elementor-column elementor-col-50 elementor-top-column elementor-element elementor-element-e640958\" data-id=\"e640958\" data-element_type=\"column\" data-e-type=\"column\">\n\t\t\t<div class=\"elementor-widget-wrap elementor-element-populated\">\n\t\t\t\t\t\t<div class=\"elementor-element elementor-element-6debaac elementor-widget elementor-widget-text-editor\" data-id=\"6debaac\" data-element_type=\"widget\" data-e-type=\"widget\" data-widget_type=\"text-editor.default\">\n\t\t\t\t<div class=\"elementor-widget-container\">\n\t\t\t\t\t\t\t\t\t<table style=\"border-collapse: collapse; width: 100%;\" border=\"1\">\n<tbody>\n<tr>\n<td style=\"width: 50%;\">Anbieter:<\/td>\n<td style=\"width: 50%;\">microtech GmbH electronic<\/td>\n<\/tr>\n<tr>\n<td style=\"width: 50%;\">Gesch\u00e4ftsf\u00fchrerin:<\/td>\n<td style=\"width: 50%;\">Michaela Behrendt<\/td>\n<\/tr>\n<tr>\n<td style=\"width: 50%;\">Anschrift:<\/td>\n<td style=\"width: 50%;\">Oderstra\u00dfe 42\n14513 Teltow<\/td>\n<\/tr>\n<tr>\n<td style=\"width: 50%;\">Registergericht:<\/td>\n<td style=\"width: 50%;\">Amtsgericht Potsdam<\/td>\n<\/tr>\n<tr>\n<td style=\"width: 50%;\">Registernummer:<\/td>\n<td style=\"width: 50%;\">HRB 560<\/td>\n<\/tr>\n<tr>\n<td style=\"width: 50%;\">Ust.-ID:<\/td>\n<td style=\"width: 50%;\">DE138456784<\/td>\n<\/tr>\n<tr>\n<td style=\"width: 50%;\">Inhaltlich Verantwortlicher:<\/td>\n<td style=\"width: 50%;\">Michaela Behrendt<\/td>\n<\/tr>\n<tr>\n<td style=\"width: 50%;\">Telefon:<\/td>\n<td style=\"width: 50%;\">+49 (0)3328 30824-0<\/td>\n<\/tr>\n<tr>\n<td style=\"width: 50%;\">Fax:<\/td>\n<td style=\"width: 50%;\">+49 (0)3328 30824-30<\/td>\n<\/tr>\n<tr>\n<td style=\"width: 50%;\">Web:<\/td>\n<td style=\"width: 50%;\">www.microtech-teltow.de<\/td>\n<\/tr>\n<tr>\n<td style=\"width: 50%;\">E-Mail:<\/td>\n<td style=\"width: 50%;\">info[at]microtech-teltow.de<\/td>\n<\/tr>\n<tr>\n<td style=\"width: 50%;\">Design &amp; Umsetzung:<\/td>\n<td style=\"width: 50%;\">&nbsp;\n<a href=\"http:\/\/www.bitskin.de\" target=\"_blank\"><img style=\"margin-left:-1rem;\"src=\"https:\/\/www.microtech-teltow.de\/wp-content\/uploads\/2023\/03\/bitskin.jpg\"><\/a><br>\n<a href=\"http:\/\/www.bitskin.de\" target=\"_blank\" rel=\"noopener\">Bitskin\u00ae<\/a> Webdesign Berlin<\/td>\n<\/tr>\n<\/tbody>\n<\/table>\t\t\t\t\t\t\t\t<\/div>\n\t\t\t\t<\/div>\n\t\t\t\t\t<\/div>\n\t\t<\/div>\n\t\t\t\t<div class=\"elementor-column elementor-col-50 elementor-top-column elementor-element elementor-element-7901cca\" data-id=\"7901cca\" data-element_type=\"column\" data-e-type=\"column\">\n\t\t\t<div class=\"elementor-widget-wrap elementor-element-populated\">\n\t\t\t\t\t\t<div class=\"elementor-element elementor-element-c756e46 elementor-widget elementor-widget-html\" data-id=\"c756e46\" data-element_type=\"widget\" data-e-type=\"widget\" data-no-translation=\"\" data-widget_type=\"html.default\">\n\t\t\t\t<div class=\"elementor-widget-container\">\n\t\t\t\t\t<style>.elementor-element-c756e46{display:none !important}<\/style>\t\t\t\t<\/div>\n\t\t\t\t<\/div>\n\t\t\t\t<div class=\"elementor-element elementor-element-adb6f38 elementor-widget elementor-widget-html\" data-id=\"adb6f38\" data-element_type=\"widget\" data-e-type=\"widget\" data-no-translation=\"\" data-widget_type=\"html.default\">\n\t\t\t\t<div class=\"elementor-widget-container\">\n\t\t\t\t\t<textarea id=\"haftungsausschluss\" cols=\"1\" rows=\"1\" name=\"haftungsausschluss\" readonly=\"readonly\">Disclaimer \n1. Content\nThe author reserves the right not to be responsible for the topicality, correctness, completeness or quality of the information provided. Liability claims regarding damage caused by the use of any information provided, including any kind of information which is incomplete or incorrect,will therefore be rejected.\nAll offers are not-binding and without obligation. Parts of the pages or the complete publication including all offers and information might be extended, changed or partly or completely deleted by the author without separate announcement.\n\n2. Referrals and links\nThe author is not responsible for any contents linked or referred to from his pages - unless he has full knowledge of illegal contents and would be able to prevent the visitors of his site fromviewing those pages. If any damage occurs by the use of information presented there, only the author of the respective pages might be liable, not the one who has linked to these pages. Furthermore the author is not liable for any postings or messages published by users of discussion boards, guestbooks or mailinglists provided on his page.\n\n3. Copyright\nThe author intended not to use any copyrighted material for the publication or, if not possible, to indicatethe copyright of the respective object.\nThe copyright for any material created by the author is reserved. Any duplication or use of objects such as images, diagrams, sounds or texts in other electronic or printed publications is not permitted without the author's agreement.\n\n4. Privacy policy\nIf the opportunity for the input of personal or business data (email addresses, name, addresses) is given, the input of these data takes place voluntarily. The use and payment of all offered services are permitted - if and so far technically possible and reasonable - without specification of any personal data or under specification of anonymized data or an alias. The use of published postal addresses, telephone or fax numbers and email addresses for marketing purposes is prohibited, offenders sending unwanted spam messages will be punished.\n\n5. Legal validity of this disclaimer\nThis disclaimer is to be regarded as part of the internet publication which you were referred from. If sections or individual terms of this statement are not legal or correct, the content or validity of the other parts remain uninfluenced by this fact.\n<\/textarea>\t\t\t\t<\/div>\n\t\t\t\t<\/div>\n\t\t\t\t\t<\/div>\n\t\t<\/div>\n\t\t\t\t\t<\/div>\n\t\t<\/section>\n\t\t\t\t<\/div>\n\t\t","protected":false},"excerpt":{"rendered":"<p>Impressum Anbieter: microtech GmbH electronic Gesch\u00e4ftsf\u00fchrerin: Michaela Behrendt Anschrift: Oderstra\u00dfe 42 14513 Teltow Registergericht: Amtsgericht Potsdam Registernummer: HRB 560 Ust.-ID: DE138456784 Inhaltlich Verantwortlicher: Michaela Behrendt Telefon: +49 (0)3328 30824-0 Fax: +49 (0)3328 30824-30 Web: www.microtech-teltow.de E-Mail: info[at]microtech-teltow.de Design &amp; Umsetzung: &nbsp; Bitskin\u00ae Webdesign Berlin Haftungsausschluss 1. Inhalt des Onlineangebotes Der Autor \u00fcbernimmt keinerlei Gew\u00e4hr f\u00fcr [&hellip;]<\/p>\n","protected":false},"author":1,"featured_media":0,"parent":0,"menu_order":0,"comment_status":"closed","ping_status":"closed","template":"","meta":{"_acf_changed":false,"footnotes":""},"class_list":["post-52","page","type-page","status-publish","hentry"],"acf":[],"_links":{"self":[{"href":"https:\/\/www.microtech-teltow.de\/en\/wp-json\/wp\/v2\/pages\/52","targetHints":{"allow":["GET"]}}],"collection":[{"href":"https:\/\/www.microtech-teltow.de\/en\/wp-json\/wp\/v2\/pages"}],"about":[{"href":"https:\/\/www.microtech-teltow.de\/en\/wp-json\/wp\/v2\/types\/page"}],"author":[{"embeddable":true,"href":"https:\/\/www.microtech-teltow.de\/en\/wp-json\/wp\/v2\/users\/1"}],"replies":[{"embeddable":true,"href":"https:\/\/www.microtech-teltow.de\/en\/wp-json\/wp\/v2\/comments?post=52"}],"version-history":[{"count":6,"href":"https:\/\/www.microtech-teltow.de\/en\/wp-json\/wp\/v2\/pages\/52\/revisions"}],"predecessor-version":[{"id":1369,"href":"https:\/\/www.microtech-teltow.de\/en\/wp-json\/wp\/v2\/pages\/52\/revisions\/1369"}],"wp:attachment":[{"href":"https:\/\/www.microtech-teltow.de\/en\/wp-json\/wp\/v2\/media?parent=52"}],"curies":[{"name":"wp","href":"https:\/\/api.w.org\/{rel}","templated":true}]}}